{"id":103,"date":"2018-02-26T20:18:38","date_gmt":"2018-02-26T19:18:38","guid":{"rendered":"http:\/\/cacahuetes-activity.fr\/?page_id=103"},"modified":"2021-05-09T10:38:20","modified_gmt":"2021-05-09T08:38:20","slug":"le-livre","status":"publish","type":"page","link":"https:\/\/cacahuetes-activity.fr\/?page_id=103","title":{"rendered":"Le livre"},"content":{"rendered":"<!--[if lt IE 9]><script>document.createElement('audio');<\/script><![endif]-->\n<audio class=\"wp-audio-shortcode\" id=\"audio-103-1\" autoplay=\"1\" preload=\"auto\" style=\"width: 100%;\" controls=\"controls\"><source type=\"audio\/mpeg\" src=\"http:\/\/cacahuetes-activity.fr\/wp-content\/uploads\/2018\/02\/Belef-Barbarian-Steel.mp3?_=1\" \/><a href=\"http:\/\/cacahuetes-activity.fr\/wp-content\/uploads\/2018\/02\/Belef-Barbarian-Steel.mp3\">http:\/\/cacahuetes-activity.fr\/wp-content\/uploads\/2018\/02\/Belef-Barbarian-Steel.mp3<\/a><\/audio>\n<p>Bonjour \u00e0 toutes et \u00e0 tous,<\/p>\n<p>le grand jour est arriv\u00e9, mon livre est pr\u00eat, vous allez pouvoir le t\u00e9l\u00e9charger !<\/p>\n<p>Je n&rsquo;ai pas int\u00e9gr\u00e9 de table des mati\u00e8res dans mon pdf donc je la mets ici :<\/p>\n<p>Chapitre 1 :\u00a0 La vie du Proph\u00e8te\u00a0 (de la page 2 \u00e0 28)<\/p>\n<p>Chapitre 2 :\u00a0 L&rsquo;Arbre de vie\u00a0 (de la page 29 \u00e0 47)<\/p>\n<p>Chapitre 3 :\u00a0 Le Seigneur de la bataille\u00a0 (de la page 48 \u00e0 85)<\/p>\n<p>Chapitre 4 :\u00a0 La Reine de la Terre\u00a0 (de la page 86 \u00e0 140)<\/p>\n<p>Chapitre 5 :\u00a0 L&rsquo;Asaret d&rsquo;Europe\u00a0 \u00a0(de la page 141 \u00e0 161)<\/p>\n<p>Chapitre 6 :\u00a0 Divers travaux\u00a0 (de la page 162 \u00e0 224)<\/p>\n<p>Chapitre 7 :\u00a0 Les faux Dieux\u00a0 (de la page 225 \u00e0 249)<\/p>\n<p>Chapitre 8 :\u00a0 Le mirobolant\u00a0 (de la page 250 \u00e0 1255)<\/p>\n<p>Chapitre 9 :\u00a0 Les parents du messie\u00a0 \u00a0(de la page 1256 \u00e0 1274)<\/p>\n<p>Chapitre 10 :\u00a0 La fille du Seigneur et de la Reine de la bataille\u00a0 (de la page 1275 \u00e0 1324)<\/p>\n<p>Bonus 2018 : de la page 1325 \u00e0 1625<\/p>\n<p>Bonus 2019 : de la page 1626 \u00e0 1913<\/p>\n<p>Au fait, la musique infernale que vous entendez depuis que vous \u00eates sur cette page, c&rsquo;est Barbarian steel de Bel\u00eaf que je salue en passant !<\/p>\n<p>Voil\u00e0, bonne lecture \u00e0 vous,<br \/>\nOul<\/p>\n<h3 style=\"text-align: center;\"><a href=\"http:\/\/cacahuetes-activity.fr\/wp-content\/uploads\/2021\/05\/Asiula-these-de-Mesar-ou-les-profondeurs-de-la-bis-v14.pdf\">A\u0161iu, la th\u00e8se de Mesar ou les profondeurs de la bis<\/a><\/h3>\n","protected":false},"excerpt":{"rendered":"<p>Bonjour \u00e0 toutes et \u00e0 tous, le grand jour est arriv\u00e9, mon livre est pr\u00eat, vous allez pouvoir le t\u00e9l\u00e9charger ! Je n&rsquo;ai pas int\u00e9gr\u00e9 de table des mati\u00e8res dans mon pdf donc je la mets ici : Chapitre 1 :\u00a0 La vie du Proph\u00e8te\u00a0 (de la page 2 \u00e0 28) Chapitre 2 :\u00a0 L&rsquo;Arbre [&hellip;]<\/p>\n","protected":false},"author":2,"featured_media":0,"parent":0,"menu_order":0,"comment_status":"closed","ping_status":"closed","template":"","meta":{"jetpack_post_was_ever_published":false,"footnotes":""},"class_list":["post-103","page","type-page","status-publish","hentry"],"jetpack_sharing_enabled":true,"jetpack_shortlink":"https:\/\/wp.me\/P9p1Ks-1F","jetpack-related-posts":[],"jetpack_likes_enabled":true,"_links":{"self":[{"href":"https:\/\/cacahuetes-activity.fr\/index.php?rest_route=\/wp\/v2\/pages\/103","targetHints":{"allow":["GET"]}}],"collection":[{"href":"https:\/\/cacahuetes-activity.fr\/index.php?rest_route=\/wp\/v2\/pages"}],"about":[{"href":"https:\/\/cacahuetes-activity.fr\/index.php?rest_route=\/wp\/v2\/types\/page"}],"author":[{"embeddable":true,"href":"https:\/\/cacahuetes-activity.fr\/index.php?rest_route=\/wp\/v2\/users\/2"}],"replies":[{"embeddable":true,"href":"https:\/\/cacahuetes-activity.fr\/index.php?rest_route=%2Fwp%2Fv2%2Fcomments&post=103"}],"version-history":[{"count":34,"href":"https:\/\/cacahuetes-activity.fr\/index.php?rest_route=\/wp\/v2\/pages\/103\/revisions"}],"predecessor-version":[{"id":255,"href":"https:\/\/cacahuetes-activity.fr\/index.php?rest_route=\/wp\/v2\/pages\/103\/revisions\/255"}],"wp:attachment":[{"href":"https:\/\/cacahuetes-activity.fr\/index.php?rest_route=%2Fwp%2Fv2%2Fmedia&parent=103"}],"curies":[{"name":"wp","href":"https:\/\/api.w.org\/{rel}","templated":true}]}}